{"id":16,"date":"2025-11-19T16:45:22","date_gmt":"2025-11-19T16:45:22","guid":{"rendered":"https:\/\/lgdd.eu\/?page_id=16"},"modified":"2025-11-20T17:14:43","modified_gmt":"2025-11-20T17:14:43","slug":"16-2","status":"publish","type":"page","link":"https:\/\/lgdd.eu\/index.php\/16-2\/","title":{"rendered":"Pr\u00e9sentation"},"content":{"rendered":"\n<div class=\"wp-block-media-text is-stacked-on-mobile\" style=\"grid-template-columns:22% auto\"><figure class=\"wp-block-media-text__media\"><img loading=\"lazy\" decoding=\"async\" width=\"782\" height=\"1024\" src=\"http:\/\/lgdd.eu\/wp-content\/uploads\/2025\/11\/GDD_COULEUR-2-782x1024.jpg\" alt=\"\" class=\"wp-image-32 size-full\" srcset=\"https:\/\/lgdd.eu\/wp-content\/uploads\/2025\/11\/GDD_COULEUR-2-782x1024.jpg 782w, https:\/\/lgdd.eu\/wp-content\/uploads\/2025\/11\/GDD_COULEUR-2-229x300.jpg 229w, https:\/\/lgdd.eu\/wp-content\/uploads\/2025\/11\/GDD_COULEUR-2-768x1006.jpg 768w, https:\/\/lgdd.eu\/wp-content\/uploads\/2025\/11\/GDD_COULEUR-2.jpg 1118w\" sizes=\"auto, (max-width: 782px) 100vw, 782px\" \/><\/figure><div class=\"wp-block-media-text__content\">\n<p><\/p>\n\n\n\n<h1 class=\"wp-block-heading\">Pr\u00e9sentation<\/h1>\n<\/div><\/div>\n\n\n\n<ul class=\"wp-block-list\">\n<li>Analyse de Syst\u00e8mes Complexes<\/li>\n\n\n\n<li>R\u00e9colte et Veille d&rsquo;Informations<\/li>\n\n\n\n<li>Conseils et Assistance Strat\u00e9gique<\/li>\n\n\n\n<li>\u00c9tude, Construction, Promotion, Organisation, Mise en Place et S\u00e9curisation de Coop\u00e9rations<br>Mutuellement Profitables<\/li>\n\n\n\n<li>Rapprochement d&rsquo;Organisations<\/li>\n\n\n\n<li>Assistance op\u00e9rationnelle \u00e0 la cr\u00e9ation, \u00e0 l&rsquo;optimisation, au d\u00e9veloppement, \u00e0 l&rsquo;adaptation, \u00e0 la<br>p\u00e9rennisation, \u00e0 la s\u00e9curisation de fili\u00e8res de valorisation locales, pourvoyeuses de richesses et<br>d&#8217;emplois.<\/li>\n\n\n\n<li>Assistance op\u00e9rationnelle \u00e0 la construction et \u00e0 s\u00e9curisation de projets, de fili\u00e8res et de<br>dispositifs d&rsquo;animation des territoires (\u00e9tude et cr\u00e9ation de fili\u00e8res de valorisation des ressources<br>locales et d&rsquo;urbanisation int\u00e9gr\u00e9s) et d&rsquo;am\u00e9nagement des territoires (\u00e9tude, construction et<br>exploitation d&rsquo;ouvrages, d&rsquo;\u00e9quipements, d&rsquo;infrastructures d&rsquo;int\u00e9r\u00eat publics)<\/li>\n\n\n\n<li>Analyses, \u00c9tudes et Veille Technologique<\/li>\n\n\n\n<li>Etude, Construction, Promotion et\/ou Vente de Solutions Int\u00e9gr\u00e9es r\u00e9pondant \u00e0 des<br>probl\u00e9matiques ou \u00e0 des objectifs identifi\u00e9s.<\/li>\n\n\n\n<li>Prestations de Bureau D&rsquo;\u00e9tudes, de Conseil, de Ma\u00eetre d&rsquo;Ouvrage D\u00e9l\u00e9gu\u00e9 (AMO), de Contractant<br>G\u00e9n\u00e9ral, de Ma\u00eetre d&rsquo;\u0152uvre, d&rsquo; Ensemblier Industriel et\/ou Repr\u00e9sentant\/Agent de Fournisseurs de<br>Solutions (Produits et\/ou Prestations de Services associ\u00e9es aux produits et\/ou ind\u00e9pendantes).<\/li>\n\n\n\n<li>\u00c9tudes \u00c9conomiques, Ing\u00e9nierie Financi\u00e8re (Patrimoniale, Structuration de Financements,<br>Recherche, S\u00e9curisation et Optimisation des Investissements, Ing\u00e9nierie et Optimisation Fiscale)<\/li>\n<\/ul>\n\n\n\n<div class=\"wp-block-columns is-layout-flex wp-container-core-columns-is-layout-28f84493 wp-block-columns-is-layout-flex\">\n<div class=\"wp-block-column is-layout-flow wp-block-column-is-layout-flow\"><\/div>\n\n\n\n<div class=\"wp-block-column is-layout-flow wp-block-column-is-layout-flow\"><\/div>\n<\/div>\n\n\n\n<p><\/p>\n","protected":false},"excerpt":{"rendered":"<p>Pr\u00e9sentation<\/p>\n","protected":false},"author":1,"featured_media":0,"parent":0,"menu_order":0,"comment_status":"closed","ping_status":"closed","template":"","meta":{"footnotes":""},"class_list":["post-16","page","type-page","status-publish","hentry"],"_links":{"self":[{"href":"https:\/\/lgdd.eu\/index.php\/wp-json\/wp\/v2\/pages\/16","targetHints":{"allow":["GET"]}}],"collection":[{"href":"https:\/\/lgdd.eu\/index.php\/wp-json\/wp\/v2\/pages"}],"about":[{"href":"https:\/\/lgdd.eu\/index.php\/wp-json\/wp\/v2\/types\/page"}],"author":[{"embeddable":true,"href":"https:\/\/lgdd.eu\/index.php\/wp-json\/wp\/v2\/users\/1"}],"replies":[{"embeddable":true,"href":"https:\/\/lgdd.eu\/index.php\/wp-json\/wp\/v2\/comments?post=16"}],"version-history":[{"count":5,"href":"https:\/\/lgdd.eu\/index.php\/wp-json\/wp\/v2\/pages\/16\/revisions"}],"predecessor-version":[{"id":52,"href":"https:\/\/lgdd.eu\/index.php\/wp-json\/wp\/v2\/pages\/16\/revisions\/52"}],"wp:attachment":[{"href":"https:\/\/lgdd.eu\/index.php\/wp-json\/wp\/v2\/media?parent=16"}],"curies":[{"name":"wp","href":"https:\/\/api.w.org\/{rel}","templated":true}]}}